{"id":299,"date":"2017-11-09T15:02:00","date_gmt":"2017-11-09T15:02:00","guid":{"rendered":"http:\/\/wp-master-powergo.eliappwordpress1sto.elisys-servers.ca\/?page_id=299"},"modified":"2017-11-30T20:53:45","modified_gmt":"2017-12-01T01:53:45","slug":"politique-de-confidentialite","status":"publish","type":"page","link":"https:\/\/www.locationpropulsion.com\/fr\/politique-de-confidentialite\/","title":{"rendered":"Politique de confidentialit\u00e9"},"content":{"rendered":"<p class=\"last\">Devant le d\u00e9veloppement des nouveaux outils de communication, il est n\u00e9cessaire de porter une attention particuli\u00e8re \u00e0 la protection de la vie priv\u00e9e. C&rsquo;est pourquoi nous nous engageons \u00e0 respecter la confidentialit\u00e9 des renseignements personnels que nous collectons.<\/p>\n<h2>Collecte des renseignements personnels<\/h2>\n<p class=\"last\">Nous collectons les renseignements suivants&nbsp;:<\/p>\n<ul>\n<li>Nom<\/li>\n<li>Pr\u00e9nom<\/li>\n<li>Adresse \u00e9lectronique<\/li>\n<li>Num\u00e9ro de t\u00e9l\u00e9phone<\/li>\n<\/ul>\n<p class=\"last\">Les renseignements personnels que nous collectons sont recueillis au travers de formulaires et gr\u00e2ce \u00e0 l&rsquo;interactivit\u00e9 \u00e9tablie entre vous et notre site Web. Nous utilisons \u00e9galement, comme indiqu\u00e9 dans la section suivante, des fichiers t\u00e9moins et\/ou journaux pour r\u00e9unir des informations vous concernant.<\/p>\n<h3>Formulaires et interactivit\u00e9<\/h3>\n<p class=\"last\">Vos renseignements personnels sont collect\u00e9s par le biais de formulaire, \u00e0 savoir&nbsp;:<\/p>\n<ul>\n<li>Demande d&rsquo;information sur un produit<\/li>\n<\/ul>\n<p class=\"last\">Nous utilisons les renseignements ainsi collect\u00e9s pour les finalit\u00e9s suivantes&nbsp;:<\/p>\n<ul>\n<li>Informations\/Offres promotionnelles<\/li>\n<li>Contact<\/li>\n<\/ul>\n<p class=\"last\">Vos renseignements sont \u00e9galement collect\u00e9s par le biais de l&rsquo;interactivit\u00e9 pouvant s&rsquo;\u00e9tablir entre vous et notre site Web, et ce, de la fa\u00e7on suivante&nbsp;:<\/p>\n<ul>\n<li>Contact<\/li>\n<\/ul>\n<p class=\"last\">Nous utilisons les renseignements ainsi collect\u00e9s pour les finalit\u00e9s suivantes&nbsp;:<\/p>\n<ul class=\"last\">\n<li>Correspondance<\/li>\n<li>Informations ou pour des offres promotionnelles<\/li>\n<\/ul>\n<h3>Fichiers journaux et t\u00e9moins<\/h3>\n<p class=\"last\">Nous recueillons certaines informations par le biais de fichiers journaux (log file) et de fichiers t\u00e9moins (cookies). Il s&rsquo;agit principalement des informations suivantes&nbsp;:<\/p>\n<ul>\n<li>Adresse IP<\/li>\n<li>Syst\u00e8me d&rsquo;exploitation<\/li>\n<li>Pages visit\u00e9es et requ\u00eates<\/li>\n<li>Heure et jour de connexion<\/li>\n<\/ul>\n<p class=\"last\">Le recours \u00e0 de tels fichiers nous permet&nbsp;:<\/p>\n<ul class=\"last\">\n<li>d&rsquo;am\u00e9liorer le service et de fournir un accueil personnalis\u00e9<\/li>\n<li>de recueillir des statistiques<\/li>\n<li>de faire de la publicit\u00e9 digitale de type \u00ab&nbsp;remarketing&nbsp;\u00bb<\/li>\n<\/ul>\n<h2>Partage des renseignements personnels<\/h2>\n<p class=\"last\">Nous nous engageons \u00e0 ne pas commercialiser les renseignements personnels collect\u00e9s. Toutefois, il nous arrive de partager ces informations avec des tiers, incluant Google et autres, pour les raisons suivantes&nbsp;:<\/p>\n<ul>\n<li>Publicit\u00e9 digitale de type \u00ab&nbsp;remarketing&nbsp;\u00bb<\/li>\n<\/ul>\n<p class=\"last\">Si vous ne souhaitez pas que vos renseignements personnels soient communiqu\u00e9s \u00e0 des tiers, il vous est possible de vous y opposer au moment de la collecte ou \u00e0 tout moment par la suite, comme mentionn\u00e9 dans la section suivante.<\/p>\n<h2>Droit d&rsquo;opposition et de retrait<\/h2>\n<p>Nous nous engageons \u00e0 vous offrir un droit d&rsquo;opposition et de retrait quant \u00e0 vos renseignements personnels.<\/p>\n<p>Le droit d&rsquo;opposition s&rsquo;entend comme \u00e9tant la possibilit\u00e9 offerte aux internautes de refuser que leurs renseignements personnels soient utilis\u00e9s \u00e0 certaines fins mentionn\u00e9es lors de la collecte.<\/p>\n<p>Le droit de retrait s&rsquo;entend comme \u00e9tant la possibilit\u00e9 offerte aux internautes de demander \u00e0 ce que leurs renseignements personnels ne figurent plus, par exemple, dans une liste de diffusion.<\/p>\n<p class=\"last\">Pour pouvoir exercer ces droits, vous pouvez nous contacter \u00e0 l&rsquo;adresse ci-dessous&nbsp;:<\/p>\n<ul>\n<li>Adresse postale&nbsp;: 110, rue Turgeon, Sainte-Th\u00e9r\u00e8se (Qu\u00e9bec)&nbsp;&nbsp; J7E 3H9<\/li>\n<li>Courriel&nbsp;: <a href=\"mailto:infos@powergosolution.com\">infos@powergosolution.com<\/a><\/li>\n<li>T\u00e9l\u00e9phone&nbsp;: <span class=\"nobr phone-number\">450 434-6686<\/span><\/li>\n<\/ul>\n<p class=\"last\">Google offre la possibilit\u00e9 de se d\u00e9sabonner automatiquement de toute publicit\u00e9 cibl\u00e9e par centres d&rsquo;int\u00e9r\u00eat ou par \u00ab&nbsp;remarketing&nbsp;\u00bb. Veuillez visiter la page suivante pour vous d\u00e9sabonner&nbsp;: <a href=\"https:\/\/www.google.com\/intl\/fr\/policies\/privacy\/\" target=\"_blank\">Centre de confidentialit\u00e9 Google<\/a>.<\/p>\n<h2>Droit d&rsquo;acc\u00e8s<\/h2>\n<p>Nous nous engageons \u00e0 reconna\u00eetre un droit d&rsquo;acc\u00e8s et de rectification aux personnes concern\u00e9es d\u00e9sireuses de consulter, modifier, voire radier les informations les concernant.<\/p>\n<p class=\"last\">L&rsquo;exercice de ce droit se fera en nous contactant \u00e0 l&rsquo;adresse suivante&nbsp;:<\/p>\n<ul>\n<li>Adresse postale&nbsp;: 110, rue Turgeon, Sainte-Th\u00e9r\u00e8se (Qu\u00e9bec)&nbsp;&nbsp; J7E 3H9<\/li>\n<li>Courriel&nbsp;: <a href=\"mailto:infos@powergosolution.com\">infos@powergosolution.com<\/a><\/li>\n<li>T\u00e9l\u00e9phone&nbsp;: <span class=\"nobr phone-number\">450 434-6686<\/span><\/li>\n<\/ul>\n<h2>S\u00e9curit\u00e9<\/h2>\n<p>Les renseignements personnels que nous collectons sont conserv\u00e9s dans un environnement s\u00e9curis\u00e9. Les personnes travaillant pour nous sont tenues de respecter la confidentialit\u00e9 de vos informations.<\/p>\n<p class=\"last\">Nous nous engageons \u00e0 maintenir un haut degr\u00e9 de confidentialit\u00e9 en int\u00e9grant les derni\u00e8res innovations technologiques permettant d&rsquo;assurer la confidentialit\u00e9 de vos transactions. Toutefois, comme aucun m\u00e9canisme n&rsquo;offre une s\u00e9curit\u00e9 maximale, une part de risque est toujours pr\u00e9sente lorsque l&rsquo;on utilise Internet pour transmettre des renseignements personnels.<\/p>\n","protected":false},"excerpt":{"rendered":"<p>Devant le d\u00e9veloppement des nouveaux outils de communication, il est n\u00e9cessaire de porter une attention particuli\u00e8re \u00e0 la protection de la vie priv\u00e9e. C&rsquo;est pourquoi nous nous engageons \u00e0 respecter la confidentialit\u00e9 des renseignements personnels que nous collectons. Collecte des renseignements personnels Nous collectons les renseignements suivants&nbsp;: Nom Pr\u00e9nom Adresse \u00e9lectronique Num\u00e9ro de t\u00e9l\u00e9phone Les &hellip; <a href=\"https:\/\/www.locationpropulsion.com\/fr\/politique-de-confidentialite\/\">Suite<\/a><\/p>\n","protected":false},"author":1,"featured_media":0,"parent":0,"menu_order":0,"comment_status":"closed","ping_status":"closed","template":"template-no-sidebar.php","meta":[],"acf":{"content_featured_type":""},"_links":{"self":[{"href":"https:\/\/www.locationpropulsion.com\/fr\/wp-json\/wp\/v2\/pages\/299"}],"collection":[{"href":"https:\/\/www.locationpropulsion.com\/fr\/wp-json\/wp\/v2\/pages"}],"about":[{"href":"https:\/\/www.locationpropulsion.com\/fr\/wp-json\/wp\/v2\/types\/page"}],"author":[{"embeddable":true,"href":"https:\/\/www.locationpropulsion.com\/fr\/wp-json\/wp\/v2\/users\/1"}],"replies":[{"embeddable":true,"href":"https:\/\/www.locationpropulsion.com\/fr\/wp-json\/wp\/v2\/comments?post=299"}],"version-history":[{"count":4,"href":"https:\/\/www.locationpropulsion.com\/fr\/wp-json\/wp\/v2\/pages\/299\/revisions"}],"predecessor-version":[{"id":28916,"href":"https:\/\/www.locationpropulsion.com\/fr\/wp-json\/wp\/v2\/pages\/299\/revisions\/28916"}],"wp:attachment":[{"href":"https:\/\/www.locationpropulsion.com\/fr\/wp-json\/wp\/v2\/media?parent=299"}],"curies":[{"name":"wp","href":"https:\/\/api.w.org\/{rel}","templated":true}]}}